{"id":1037,"date":"2022-11-17T14:04:17","date_gmt":"2022-11-17T14:04:17","guid":{"rendered":"https:\/\/kreanatura.cz\/?post_type=product&#038;p=1037"},"modified":"2022-11-24T08:46:19","modified_gmt":"2022-11-24T08:46:19","slug":"nausnice-ginko-medene-visaci-nausnice","status":"publish","type":"product","link":"https:\/\/kreanatura.cz\/en\/product\/earrings-ginko-copper-hanging-earrings\/","title":{"rendered":"Ginko earrings"},"content":{"rendered":"<p>Copper earrings with silver hooks and pvc studs.<br \/>\nSize 3 x 3 cm<\/p>\n<p>Hand forged jewelry is a little different every time, so it doesn't look exactly like the illustration photo.<\/p>\n<p>These pendants are patinated with oil, on the top there is a matte lacquer so that the copper does not irritate sensitive skin.<\/p>\n<p>&nbsp;<\/p>","protected":false},"excerpt":{"rendered":"<p>M\u011bd\u011bn\u00e9 n\u00e1u\u0161nice se st\u0159\u00edbrn\u00fdmi h\u00e1\u010dky a pvc puzetami. Velikost 3&#215;3 cm Ru\u010dn\u011b kovan\u00e9 \u0161perky jsou poka\u017ed\u00e9 trochu jin\u00e9 a tak nevypadaj\u00ed p\u0159esn\u011b jako na ilustra\u010dn\u00ed fotografii. Tyto visac\u00ed n\u00e1\u0161nice jsou patinovan\u00e9 olejem, na vrchu je matn\u00fd lak, aby m\u011b\u010f nedr\u00e1\u017edila citlivou k\u016f\u017ei. &nbsp;<\/p>","protected":false},"featured_media":140,"template":"","meta":[],"product_brand":[],"product_cat":[41,34],"product_tag":[96,74,73,70],"class_list":{"0":"post-1037","1":"product","2":"type-product","3":"status-publish","4":"has-post-thumbnail","6":"product_cat-nausnice","7":"product_cat-kovane-sperky","8":"product_tag-ginko","9":"product_tag-medene","10":"product_tag-nausnice","11":"product_tag-originalni-nausnice","12":"product_shipping_class-s-35","13":"pa_vel-mot-mala-kridla","14":"pa_vel-mot-stredni-kridla","15":"pa_vel-mot-velka-kridla","17":"first","18":"instock","19":"shipping-taxable","20":"purchasable","21":"product-type-simple"},"_links":{"self":[{"href":"https:\/\/kreanatura.cz\/en\/wp-json\/wp\/v2\/product\/1037","targetHints":{"allow":["GET"]}}],"collection":[{"href":"https:\/\/kreanatura.cz\/en\/wp-json\/wp\/v2\/product"}],"about":[{"href":"https:\/\/kreanatura.cz\/en\/wp-json\/wp\/v2\/types\/product"}],"version-history":[{"count":0,"href":"https:\/\/kreanatura.cz\/en\/wp-json\/wp\/v2\/product\/1037\/revisions"}],"wp:featuredmedia":[{"embeddable":true,"href":"https:\/\/kreanatura.cz\/en\/wp-json\/wp\/v2\/media\/140"}],"wp:attachment":[{"href":"https:\/\/kreanatura.cz\/en\/wp-json\/wp\/v2\/media?parent=1037"}],"wp:term":[{"taxonomy":"product_brand","embeddable":true,"href":"https:\/\/kreanatura.cz\/en\/wp-json\/wp\/v2\/product_brand?post=1037"},{"taxonomy":"product_cat","embeddable":true,"href":"https:\/\/kreanatura.cz\/en\/wp-json\/wp\/v2\/product_cat?post=1037"},{"taxonomy":"product_tag","embeddable":true,"href":"https:\/\/kreanatura.cz\/en\/wp-json\/wp\/v2\/product_tag?post=1037"}],"curies":[{"name":"wp","href":"https:\/\/api.w.org\/{rel}","templated":true}]}}