{"id":1102,"date":"2022-11-17T17:56:40","date_gmt":"2022-11-17T17:56:40","guid":{"rendered":"https:\/\/kreanatura.cz\/?post_type=product&#038;p=1102"},"modified":"2022-11-17T18:09:44","modified_gmt":"2022-11-17T18:09:44","slug":"kovana-plastika-beran-kovana-socha-kovarstvi","status":"publish","type":"product","link":"https:\/\/kreanatura.cz\/en\/product\/forged-sculpture-ram-forged-sculpture-smithing\/","title":{"rendered":"Forged sculpture RAM"},"content":{"rendered":"<p>The author's forged sculpture of a ram was created at the sculpture symposium Zv\u00ed\u0159etn\u00edk 2019.<\/p>\n<p>The work is inspired by the sign of the zodiac, depicting the transformation of the human body into a ram. That is why the ram mentally climbs out of the stone, which is a symbol of his transformation.<br \/>\nThe design was based on the animal's anatomy.<\/p>\n<p>It scares away all thieves from the night garden with its shadow and attracts the eyes of admirers in the light.<\/p>\n<p>It fits indoors and in the garden or on the outdoor terrace. It will add a unique touch to the interior of a restaurant, hotel or shop.<br \/>\n<strong>\u00a0<\/strong><br \/>\n<strong>\u00a0<\/strong><br \/>\n<strong>Design:<\/strong>Ane\u017eka Prok\u0161ov\u00e1<br \/>\n<strong>Realization:<\/strong>\u00a0Ane\u017eka Prok\u0161ov\u00e1, Jan Prok\u0161, helper with horns \u2013 Robert Ferko<\/p>","protected":false},"excerpt":{"rendered":"<p><strong>Height:<\/strong>\u00a068 cm + stone<br \/>\n<strong>Material:<\/strong>\u00a0steel, stainless steel (eyes), sandstone from Ho\u0159ice<br \/>\n<strong>Surface finish:<\/strong>\u00a0Zinc plating, blacksmith paint, silver patina<\/p>","protected":false},"featured_media":182,"template":"","meta":[],"product_brand":[],"product_cat":[33],"product_tag":[],"class_list":{"0":"post-1102","1":"product","2":"type-product","3":"status-publish","4":"has-post-thumbnail","6":"product_cat-sochy-na-zahradu","7":"product_shipping_class-m-50","9":"first","10":"instock","11":"shipping-taxable","12":"purchasable","13":"product-type-simple"},"_links":{"self":[{"href":"https:\/\/kreanatura.cz\/en\/wp-json\/wp\/v2\/product\/1102","targetHints":{"allow":["GET"]}}],"collection":[{"href":"https:\/\/kreanatura.cz\/en\/wp-json\/wp\/v2\/product"}],"about":[{"href":"https:\/\/kreanatura.cz\/en\/wp-json\/wp\/v2\/types\/product"}],"version-history":[{"count":0,"href":"https:\/\/kreanatura.cz\/en\/wp-json\/wp\/v2\/product\/1102\/revisions"}],"wp:featuredmedia":[{"embeddable":true,"href":"https:\/\/kreanatura.cz\/en\/wp-json\/wp\/v2\/media\/182"}],"wp:attachment":[{"href":"https:\/\/kreanatura.cz\/en\/wp-json\/wp\/v2\/media?parent=1102"}],"wp:term":[{"taxonomy":"product_brand","embeddable":true,"href":"https:\/\/kreanatura.cz\/en\/wp-json\/wp\/v2\/product_brand?post=1102"},{"taxonomy":"product_cat","embeddable":true,"href":"https:\/\/kreanatura.cz\/en\/wp-json\/wp\/v2\/product_cat?post=1102"},{"taxonomy":"product_tag","embeddable":true,"href":"https:\/\/kreanatura.cz\/en\/wp-json\/wp\/v2\/product_tag?post=1102"}],"curies":[{"name":"wp","href":"https:\/\/api.w.org\/{rel}","templated":true}]}}