{"id":2261,"date":"2024-06-13T11:32:48","date_gmt":"2024-06-13T11:32:48","guid":{"rendered":"https:\/\/kreanatura.cz\/?post_type=product&#038;p=2261"},"modified":"2024-06-13T11:58:35","modified_gmt":"2024-06-13T11:58:35","slug":"vyvrtka-na-vino-drevena-rukojet-foresty10","status":"publish","type":"product","link":"https:\/\/kreanatura.cz\/en\/product\/corkscrew-for-wine-with-a-wooden-handle-foresty-10\/","title":{"rendered":"wine corkscrew with wooden handle - FORESTY 10"},"content":{"rendered":"<p>Ru\u010dn\u011b kovan\u00e1 v\u00fdvrtka na v\u00edno s kovanou \u0161roubovic\u00ed, kter\u00e1 zajist\u00ed pevnost. Rukoje\u0165 je z buku. D\u0159evo je napu\u0161t\u011bn\u00e9 Lignofixem proti d\u0159evokazn\u00e9mu hmyzu a napu\u0161t\u011bno ln\u011bn\u00fdm olejem. Unik\u00e1tn\u00ed design u kter\u00e9ho nenajdete dva stejn\u00e9 kusy. Bu\u010fte ve spojen\u00ed s p\u0159\u00edrodou i uprost\u0159ed ru\u0161n\u00e9ho m\u011bsta.<\/p>\n<p>\ud83c\udf77 solid helix<\/p>\n<p>\ud83c\udf77 your cork won't fall apart<\/p>\n<p>\ud83c\udf77 pleasant grip<\/p>\n<p>\ud83c\udf77 last for centuries<\/p>\n<p>&nbsp;<\/p>\n<p>It is suitable as a practical gift for men.<\/p>","protected":false},"excerpt":{"rendered":"<p>A hand-forged wine corkscrew with a forged helix ensures the product's perfect strength.<\/p>\n<p>The sharp edges of the helix and the way it is cut into the cork ensure that the cork does not fall apart when opening the bottle.<\/p>\n<p>It has a sharp tip so it easily cuts into the cork.<\/p>\n<p>An ideal gift for men that will last for hundreds of years.<\/p>","protected":false},"featured_media":2227,"template":"","meta":[],"product_brand":[],"product_cat":[27,39],"product_tag":[58,97,57,98,114],"class_list":{"0":"post-2261","1":"product","2":"type-product","3":"status-publish","4":"has-post-thumbnail","6":"product_cat-domacnost","7":"product_cat-doplnky","8":"product_tag-darek-pro-muze","9":"product_tag-otvirak-na-vino","10":"product_tag-pro-muze","11":"product_tag-vyvrtka","12":"product_tag-vyvrtka-na-vino","13":"product_shipping_class-s-35","15":"first","16":"instock","17":"shipping-taxable","18":"purchasable","19":"product-type-simple"},"_links":{"self":[{"href":"https:\/\/kreanatura.cz\/en\/wp-json\/wp\/v2\/product\/2261","targetHints":{"allow":["GET"]}}],"collection":[{"href":"https:\/\/kreanatura.cz\/en\/wp-json\/wp\/v2\/product"}],"about":[{"href":"https:\/\/kreanatura.cz\/en\/wp-json\/wp\/v2\/types\/product"}],"version-history":[{"count":0,"href":"https:\/\/kreanatura.cz\/en\/wp-json\/wp\/v2\/product\/2261\/revisions"}],"wp:featuredmedia":[{"embeddable":true,"href":"https:\/\/kreanatura.cz\/en\/wp-json\/wp\/v2\/media\/2227"}],"wp:attachment":[{"href":"https:\/\/kreanatura.cz\/en\/wp-json\/wp\/v2\/media?parent=2261"}],"wp:term":[{"taxonomy":"product_brand","embeddable":true,"href":"https:\/\/kreanatura.cz\/en\/wp-json\/wp\/v2\/product_brand?post=2261"},{"taxonomy":"product_cat","embeddable":true,"href":"https:\/\/kreanatura.cz\/en\/wp-json\/wp\/v2\/product_cat?post=2261"},{"taxonomy":"product_tag","embeddable":true,"href":"https:\/\/kreanatura.cz\/en\/wp-json\/wp\/v2\/product_tag?post=2261"}],"curies":[{"name":"wp","href":"https:\/\/api.w.org\/{rel}","templated":true}]}}