{"id":2665,"date":"2025-02-03T16:47:36","date_gmt":"2025-02-03T16:47:36","guid":{"rendered":"https:\/\/kreanatura.cz\/?post_type=product&#038;p=2665"},"modified":"2025-02-03T16:47:36","modified_gmt":"2025-02-03T16:47:36","slug":"aromalampa-houba-do-domacnosti","status":"publish","type":"product","link":"https:\/\/kreanatura.cz\/en\/product\/aromalampa-houba-do-domacnosti\/","title":{"rendered":"Aroma lamp mushroom"},"content":{"rendered":"<p>Aromalampa ve tvaru houby z\u00fatuln\u00ed va\u0161i dom\u00e1cnost. Spl\u0148uje po\u017eadavky na ojedin\u011blou plastiku a jej\u00ed u\u017eitn\u00e1 \u010d\u00e1st pot\u011b\u0161\u00ed ka\u017ed\u00e9ho milovn\u00edka \u00e9terick\u00fdch olej\u016f.<\/p>\n<p>&nbsp;<\/p>","protected":false},"excerpt":{"rendered":"<p>Aromalampa ve tvaru houby bude va\u0161\u00edm milovan\u00fdm dopl\u0148kem do dom\u00e1cnosti. Nap\u016fl kovan\u00e1 plastika, nap\u016fl u\u017eitn\u00e1 z\u00e1le\u017eitost. Ide\u00e1ln\u00ed na \u010dajovou sv\u00ed\u010dku. Provon\u00ed va\u0161i dom\u00e1cnost esenci\u00e1ln\u00edmi oleji.<\/p>","protected":false},"featured_media":2669,"template":"","meta":[],"product_brand":[],"product_cat":[33,27,39],"product_tag":[136,134,135],"class_list":{"0":"post-2665","1":"product","2":"type-product","3":"status-publish","4":"has-post-thumbnail","6":"product_cat-sochy-na-zahradu","7":"product_cat-domacnost","8":"product_cat-doplnky","9":"product_tag-aromalampa","10":"product_tag-houby","11":"product_tag-lampa","13":"first","14":"instock","15":"shipping-taxable","16":"purchasable","17":"product-type-simple"},"_links":{"self":[{"href":"https:\/\/kreanatura.cz\/en\/wp-json\/wp\/v2\/product\/2665","targetHints":{"allow":["GET"]}}],"collection":[{"href":"https:\/\/kreanatura.cz\/en\/wp-json\/wp\/v2\/product"}],"about":[{"href":"https:\/\/kreanatura.cz\/en\/wp-json\/wp\/v2\/types\/product"}],"version-history":[{"count":0,"href":"https:\/\/kreanatura.cz\/en\/wp-json\/wp\/v2\/product\/2665\/revisions"}],"wp:featuredmedia":[{"embeddable":true,"href":"https:\/\/kreanatura.cz\/en\/wp-json\/wp\/v2\/media\/2669"}],"wp:attachment":[{"href":"https:\/\/kreanatura.cz\/en\/wp-json\/wp\/v2\/media?parent=2665"}],"wp:term":[{"taxonomy":"product_brand","embeddable":true,"href":"https:\/\/kreanatura.cz\/en\/wp-json\/wp\/v2\/product_brand?post=2665"},{"taxonomy":"product_cat","embeddable":true,"href":"https:\/\/kreanatura.cz\/en\/wp-json\/wp\/v2\/product_cat?post=2665"},{"taxonomy":"product_tag","embeddable":true,"href":"https:\/\/kreanatura.cz\/en\/wp-json\/wp\/v2\/product_tag?post=2665"}],"curies":[{"name":"wp","href":"https:\/\/api.w.org\/{rel}","templated":true}]}}