{"id":679,"date":"2022-11-12T12:39:00","date_gmt":"2022-11-12T12:39:00","guid":{"rendered":"https:\/\/kreanatura.cz\/?post_type=product&#038;p=679"},"modified":"2025-12-15T08:44:24","modified_gmt":"2025-12-15T08:44:24","slug":"kovarsky-kurz-workshop-zaklady-kovarstvi","status":"publish","type":"product","link":"https:\/\/kreanatura.cz\/en\/product\/blacksmith-course-workshop-basics-forging\/","title":{"rendered":"Workshop - the basics of blacksmithing"},"content":{"rendered":"<h2><strong>Kov\u00e1\u0159sk\u00fd kurz pro radost a zpest\u0159en\u00ed \u010dasu.<\/strong><\/h2>\n<p><strong>What you will try:<\/strong><br \/>\nJednoduchou \u0161pi\u010dku, h\u0159eb\u00edk, l\u00edstek, (podkovi\u010dku) &#8211; podle \u010dasov\u00fdch mo\u017enost\u00ed a toho, jak to rychle dostanete do ruky.<\/p>\n<p>The workshop will take place in our workshop in Bukovina near Pecka.<\/p>\n<p>It is suitable for both men and women who are not afraid of hammers and physical work. <em>We will customize everything for you. <\/em>Kurz lze tak\u00e9 rozd\u011blit mezi 2 lidi. V tom p\u0159\u00edpad\u011b si toho oba nevyzkou\u0161\u00ed tolik<em>.<\/em><\/p>\n<ul>\n<li>Lessons can be divided into 2+2 hours with a break for lunch. It depends on personal agreement.<\/li>\n<li>Datum workshopu si domluv\u00edme osobn\u011b v mailu.<\/li>\n<li>Lekce je mo\u017en\u00e9 v\u00e9st nejen v \u010desk\u00e9m ale i anglick\u00e9m jazyce.<\/li>\n<li>P\u0159edchoz\u00ed zku\u0161enost v kov\u00e1rn\u011b nen\u00ed nutn\u00e1.<\/li>\n<li>Sebou budete pot\u0159ebovat pouze pracovn\u00ed oble\u010den\u00ed. Z\u00e1st\u011bru a dal\u0161\u00ed ochrann\u00e9 prvky V\u00e1m zap\u016fj\u010d\u00edme<\/li>\n<li>N\u00e1poje jsou v r\u00e1mci kurzu k dispozici.<\/li>\n<\/ul>\n<h4>P\u0159i objedn\u00e1n\u00ed zatrhn\u011bte vyzvednut\u00ed osobn\u011b abyste neplatili po\u0161tovn\u00e9. Poukaz V\u00e1m za\u0161leme emailem.<\/h4>\n<p>I look forward to seeing you, Honza.<\/p>","protected":false},"excerpt":{"rendered":"<p><strong>Are you tempted to delve into the secrets of processing metal in fire?<\/strong><\/p>\n<p>We have prepared this blacksmithing course for complete beginners who do not yet have any experience.<\/p>","protected":false},"featured_media":2415,"template":"","meta":[],"product_brand":[],"product_cat":[35],"product_tag":[],"class_list":{"0":"post-679","1":"product","2":"type-product","3":"status-publish","4":"has-post-thumbnail","6":"product_cat-workshop-kovarstvi","8":"first","9":"instock","10":"downloadable","11":"virtual","12":"purchasable","13":"product-type-simple"},"_links":{"self":[{"href":"https:\/\/kreanatura.cz\/en\/wp-json\/wp\/v2\/product\/679","targetHints":{"allow":["GET"]}}],"collection":[{"href":"https:\/\/kreanatura.cz\/en\/wp-json\/wp\/v2\/product"}],"about":[{"href":"https:\/\/kreanatura.cz\/en\/wp-json\/wp\/v2\/types\/product"}],"version-history":[{"count":1,"href":"https:\/\/kreanatura.cz\/en\/wp-json\/wp\/v2\/product\/679\/revisions"}],"predecessor-version":[{"id":2786,"href":"https:\/\/kreanatura.cz\/en\/wp-json\/wp\/v2\/product\/679\/revisions\/2786"}],"wp:featuredmedia":[{"embeddable":true,"href":"https:\/\/kreanatura.cz\/en\/wp-json\/wp\/v2\/media\/2415"}],"wp:attachment":[{"href":"https:\/\/kreanatura.cz\/en\/wp-json\/wp\/v2\/media?parent=679"}],"wp:term":[{"taxonomy":"product_brand","embeddable":true,"href":"https:\/\/kreanatura.cz\/en\/wp-json\/wp\/v2\/product_brand?post=679"},{"taxonomy":"product_cat","embeddable":true,"href":"https:\/\/kreanatura.cz\/en\/wp-json\/wp\/v2\/product_cat?post=679"},{"taxonomy":"product_tag","embeddable":true,"href":"https:\/\/kreanatura.cz\/en\/wp-json\/wp\/v2\/product_tag?post=679"}],"curies":[{"name":"wp","href":"https:\/\/api.w.org\/{rel}","templated":true}]}}