{"id":703,"date":"2022-11-16T13:26:48","date_gmt":"2022-11-16T13:26:48","guid":{"rendered":"https:\/\/kreanatura.cz\/?post_type=product&#038;p=703"},"modified":"2022-11-16T16:41:41","modified_gmt":"2022-11-16T16:41:41","slug":"kovana-plastika-brouk-rohac-do-domacnosti","status":"publish","type":"product","link":"https:\/\/kreanatura.cz\/en\/product\/forged-plastic-horn-beetle-for-the-household\/","title":{"rendered":"Forged sculpture - Stag beetle"},"content":{"rendered":"<p>This forged sculpture was created as part of our exhibition at the Na most\u011b Gallery in Hradec Kr\u00e1lov\u00e9.<\/p>\n<p>The Stag beetle can be a great addition to your home. It doesn't have to be just on the cabinet in the living room, but decorate, for example, the beam of the covered terrace.<\/p>\n<p>&nbsp;<\/p>\n<p><strong>Size:<\/strong><\/p>\n<p>height - 14cm<\/p>\n<p>width - 21cm<\/p>\n<p>lenght - 24cm<\/p>\n<p><strong>Surface finish:<\/strong><\/p>\n<p>Smithy black color and silver patina.<\/p>\n<p>For outdoor placement, the surface treatment can be changed and galvanized with an additional charge of 45 USD.<\/p>\n<p>&nbsp;<\/p>\n<p>Even such a small statue will make your interior special and attract everyone who comes.<\/p>\n<p>The forged beetle is typical of our work, which is inspired by nature and its creations. We will be happy to create an original piece for you on request.<\/p>","protected":false},"excerpt":{"rendered":"<p>Tato kovan\u00e1 plastika vznikla v r\u00e1mci na\u0161\u00ed v\u00fdstavy v Galerii Na most\u011b v Hradci Kr\u00e1lov\u00e9. Brouk Roh\u00e1\u010d m\u016f\u017ee b\u00fdt skv\u011bl\u00fdm dopl\u0148kem do va\u0161\u00ed dom\u00e1cnosti. Nemus\u00ed b\u00fdt jen na sk\u0159\u00ed\u0148ce v ob\u00fdvac\u00edm pokoji, ale zdobit t\u0159eba tr\u00e1m kryt\u00e9 terasy. &nbsp; Velikost: v\u00fd\u0161ka &#8211; 14cm \u0161\u00ed\u0159ka &#8211; 21cm d\u00e9lka &#8211; 24cm Povrchov\u00e1 \u00faprava: Kov\u00e1\u0159sk\u00e1 \u010dern\u00e1 barva a [&hellip;]<\/p>\n","protected":false},"featured_media":693,"template":"","meta":[],"product_brand":[],"product_cat":[33],"product_tag":[],"class_list":{"0":"post-703","1":"product","2":"type-product","3":"status-publish","4":"has-post-thumbnail","6":"product_cat-sochy-na-zahradu","7":"product_shipping_class-m-50","9":"first","10":"instock","11":"shipping-taxable","12":"purchasable","13":"product-type-simple"},"_links":{"self":[{"href":"https:\/\/kreanatura.cz\/en\/wp-json\/wp\/v2\/product\/703","targetHints":{"allow":["GET"]}}],"collection":[{"href":"https:\/\/kreanatura.cz\/en\/wp-json\/wp\/v2\/product"}],"about":[{"href":"https:\/\/kreanatura.cz\/en\/wp-json\/wp\/v2\/types\/product"}],"version-history":[{"count":0,"href":"https:\/\/kreanatura.cz\/en\/wp-json\/wp\/v2\/product\/703\/revisions"}],"wp:featuredmedia":[{"embeddable":true,"href":"https:\/\/kreanatura.cz\/en\/wp-json\/wp\/v2\/media\/693"}],"wp:attachment":[{"href":"https:\/\/kreanatura.cz\/en\/wp-json\/wp\/v2\/media?parent=703"}],"wp:term":[{"taxonomy":"product_brand","embeddable":true,"href":"https:\/\/kreanatura.cz\/en\/wp-json\/wp\/v2\/product_brand?post=703"},{"taxonomy":"product_cat","embeddable":true,"href":"https:\/\/kreanatura.cz\/en\/wp-json\/wp\/v2\/product_cat?post=703"},{"taxonomy":"product_tag","embeddable":true,"href":"https:\/\/kreanatura.cz\/en\/wp-json\/wp\/v2\/product_tag?post=703"}],"curies":[{"name":"wp","href":"https:\/\/api.w.org\/{rel}","templated":true}]}}