{"id":706,"date":"2022-11-12T14:33:37","date_gmt":"2022-11-12T14:33:37","guid":{"rendered":"https:\/\/kreanatura.cz\/?post_type=product&#038;p=706"},"modified":"2022-11-16T17:06:44","modified_gmt":"2022-11-16T17:06:44","slug":"originalni-plastika-rucne-kovana-vazka-mala","status":"publish","type":"product","link":"https:\/\/kreanatura.cz\/en\/product\/original-plastic-hand-forged-tie-small\/","title":{"rendered":"Handforged firefly - small sculpture"},"content":{"rendered":"<p>Hand-forged firefly with <strong>20cm wingspawn<\/strong> from common malleable steel. Such an original sculpture is created to be added by hammering into wood.<\/p>\n<p><strong>Upon agreement, it is possible to change the attachment, if you would like to attach the dragonfly to the wall, for example.<\/strong><\/p>\n<p>Surface finish:<br \/>\nBlacksmith black paint, matt varnish.<br \/>\nFor outdoor placement, the surface treatment can be changed and galvanized with an additional charge of 45 USD.<\/p>","protected":false},"excerpt":{"rendered":"<p>Ru\u010dn\u011b kovan\u00e1 v\u00e1\u017eka s rozp\u011bt\u00edm k\u0159\u00eddel 20cm z b\u011b\u017en\u00e9 kujn\u00e9 oceli. Tako origin\u00e1ln\u00ed plastika je vytvo\u0159en\u00e1 k p\u0159id\u011bl\u00e1n\u00ed zatlu\u010den\u00edm do d\u0159eva.\u00a8 Po dohod\u011b je mo\u017en\u00e9 uchycen\u00ed zm\u011bnit, pokud byste cht\u011bli p\u0159id\u011blat v\u00e1\u017eku t\u0159eba na st\u011bnu. Povrchov\u00e1 \u00faprava: Kov\u00e1\u0159skou barvou, matn\u00fdm lakem. Pozinkov\u00e1n\u00ed pro u\u017eit\u00ed ve vn\u011bj\u0161\u00edch prostor\u00e1ch + 800k\u010d.<\/p>","protected":false},"featured_media":709,"template":"","meta":[],"product_brand":[],"product_cat":[33],"product_tag":[61,60,62,59],"class_list":{"0":"post-706","1":"product","2":"type-product","3":"status-publish","4":"has-post-thumbnail","6":"product_cat-sochy-na-zahradu","7":"product_tag-kovana-vazka","8":"product_tag-mala-plastika","9":"product_tag-plastika","10":"product_tag-vazka","11":"product_shipping_class-m-50","13":"first","14":"instock","15":"shipping-taxable","16":"purchasable","17":"product-type-simple"},"_links":{"self":[{"href":"https:\/\/kreanatura.cz\/en\/wp-json\/wp\/v2\/product\/706","targetHints":{"allow":["GET"]}}],"collection":[{"href":"https:\/\/kreanatura.cz\/en\/wp-json\/wp\/v2\/product"}],"about":[{"href":"https:\/\/kreanatura.cz\/en\/wp-json\/wp\/v2\/types\/product"}],"version-history":[{"count":0,"href":"https:\/\/kreanatura.cz\/en\/wp-json\/wp\/v2\/product\/706\/revisions"}],"wp:featuredmedia":[{"embeddable":true,"href":"https:\/\/kreanatura.cz\/en\/wp-json\/wp\/v2\/media\/709"}],"wp:attachment":[{"href":"https:\/\/kreanatura.cz\/en\/wp-json\/wp\/v2\/media?parent=706"}],"wp:term":[{"taxonomy":"product_brand","embeddable":true,"href":"https:\/\/kreanatura.cz\/en\/wp-json\/wp\/v2\/product_brand?post=706"},{"taxonomy":"product_cat","embeddable":true,"href":"https:\/\/kreanatura.cz\/en\/wp-json\/wp\/v2\/product_cat?post=706"},{"taxonomy":"product_tag","embeddable":true,"href":"https:\/\/kreanatura.cz\/en\/wp-json\/wp\/v2\/product_tag?post=706"}],"curies":[{"name":"wp","href":"https:\/\/api.w.org\/{rel}","templated":true}]}}